{"id":3069,"date":"2024-05-27T16:58:08","date_gmt":"2024-05-27T14:58:08","guid":{"rendered":"https:\/\/cultivetonenergie.com\/rechtliche-hinweise\/"},"modified":"2025-04-17T17:27:21","modified_gmt":"2025-04-17T15:27:21","slug":"rechtliche-hinweise","status":"publish","type":"page","link":"https:\/\/cultivetonenergie.com\/de\/rechtliche-hinweise\/","title":{"rendered":"Rechtliche Hinweise"},"content":{"rendered":"\t\t<div data-elementor-type=\"wp-page\" data-elementor-id=\"3069\" class=\"elementor elementor-3069 elementor-80\" data-elementor-post-type=\"page\">\n\t\t\t\t<div class=\"elementor-element elementor-element-8f03407 e-flex e-con-boxed e-con e-parent\" data-id=\"8f03407\" data-element_type=\"container\" data-e-type=\"container\">\n\t\t\t\t\t<div class=\"e-con-inner\">\n\t\t\t\t<div class=\"elementor-element elementor-element-580d56f elementor-widget elementor-widget-heading\" data-id=\"580d56f\" data-element_type=\"widget\" data-e-type=\"widget\" data-widget_type=\"heading.default\">\n\t\t\t\t<div class=\"elementor-widget-container\">\n\t\t\t\t\t<h1 class=\"elementor-heading-title elementor-size-default\">Rechtliche Hinweise<\/h1>\t\t\t\t<\/div>\n\t\t\t\t<\/div>\n\t\t\t\t<div class=\"elementor-element elementor-element-c8ea9a1 elementor-widget elementor-widget-text-editor\" data-id=\"c8ea9a1\" data-element_type=\"widget\" data-e-type=\"widget\" data-widget_type=\"text-editor.default\">\n\t\t\t\t<div class=\"elementor-widget-container\">\n\t\t\t\t\t\t\t\t\t<p>In \u00dcbereinstimmung mit den Verpflichtungen aus Artikel 6-III und 19 des Gesetzes Nr. 2004-575 vom 21. Juni 2004 \u00fcber das Vertrauen in die digitale Wirtschaft, auch bekannt als L.C.E.N., bringen wir den Nutzern der Website cultivetonenergie.com folgende Informationen zur Kenntnis:<br>1. Rechtliche Hinweise<br>Die Website cultivetonenergie.com ist ausschlie\u00dfliches Eigentum von ETHER ENERGY FRANCE, dem Herausgeber der Website.<\/p><p>ETHER ENERGY FRANCE &#8211; N*TEL: 0626239273<\/p><p>2 PASSAGE ROCHE 78000 VERSAILLES<br>Eingetragen im Handels- und Gesellschaftsregister (RCS) unter der Nummer 95289876500013.<\/p><p>Umsatzsteuer-Identifikationsnummer: FR92952898765<br>Mail: contact[at]cultivetonenergie.com<\/p><p>Der Sponsor der Website ist: ETHER ENERGY FRANCE<br>Der Leiter der Ver\u00f6ffentlichung ist: ALEX HOUTART<br>Wie Sie den Leiter der Ver\u00f6ffentlichung erreichen k\u00f6nnen: contact@cultivetonenergie.com<\/p><p>Der Regisseur ist: Blixi SAS<br>Wie Sie den Regisseur erreichen k\u00f6nnen: contact[at]blixi.fr Webmaster &amp; website creation la rochelle<\/p><p>Webhoster: OVH<br>SAS<br>RCS Lille M\u00e9tropole 424 761 419 00045<br>Code d&#8217;Activit\u00e9 principale exerc\u00e9e (APE) 2620Z<br>MwSt.-Nr.: FR 42 424 761 419<br>Sitz des Webhosters: 2 rue Kellermann &#8211; 59100 Roubaix &#8211; Frankreich <\/p><p>2. Pr\u00e4sentation und Prinzip<br>Jeder Internetnutzer, der die Website cultivetonenergie.com nutzt, wird als Nutzer der Website betrachtet. Die Website cultivetonenergie.com vereint mehrere Dienstleistungen, die den Nutzern zur Verf\u00fcgung gestellt werden. Es wird darauf hingewiesen, dass die Nutzer h\u00f6flich und in gutem Glauben sowohl gegen\u00fcber anderen Nutzern als auch gegen\u00fcber dem Webmaster der Website cultivetonenergie.com bleiben m\u00fcssen. Die Website cultivetonenergie.com wird regelm\u00e4\u00dfig von ETHER ENERGY FRANCE aktualisiert. ETHER ENERGY FRANCE bem\u00fcht sich, die Informationen auf der Website cultivetonenergie.com so wahrheitsgem\u00e4\u00df wie m\u00f6glich anzubieten (vorbehaltlich der \u00c4nderungen, die seit der Ver\u00f6ffentlichung vorgenommen wurden), kann jedoch keine Garantie f\u00fcr die Richtigkeit und Vollst\u00e4ndigkeit der verbreiteten Informationen \u00fcbernehmen, weder durch ETHER ENERGY FRANCE noch durch dritte Partner, die diese Informationen zur Verf\u00fcgung stellen. Der Nutzer erkennt an, dass er diese Informationen unter seiner alleinigen Verantwortung nutzt.     <\/p><p>3. Digitale Zug\u00e4nglichkeit<br>Die Website cultivetonenergie.com ist in der Regel 24 Stunden am Tag, 7 Tage die Woche f\u00fcr die Nutzer zug\u00e4nglich, au\u00dfer bei geplanten oder ungeplanten Wartungsarbeiten, f\u00fcr Aktualisierungszwecke oder h\u00f6here Gewalt. Im Falle eines nicht verf\u00fcgbaren Dienstes wird cultivetonenergie.com sein Bestes tun, um den Zugang zur Website wiederherzustellen, und wird dann versuchen, die Nutzer vorab \u00fcber die Daten und Zeiten der Unterbrechung zu informieren. Da cultivetonenergie.com lediglich eine Geb\u00fchr f\u00fcr die Bereitstellung von Mitteln zu zahlen hat, kann cultivetonenergie.com nicht f\u00fcr Sch\u00e4den jeglicher Art haftbar gemacht werden.  <\/p><p>4. Recht auf geistiges Eigentum<br>ALEX HOUTART ist alleiniger Eigent\u00fcmer aller geistigen Eigentumsrechte oder besitzt die Rechte und Nutzungsberechtigungen f\u00fcr alle auf der folgenden Website zug\u00e4nglichen Elemente, sowohl f\u00fcr die Struktur als auch f\u00fcr die Texte, Grafiken, Logos, Soundtracks, Software&#8230;<br>Jede auch nur teilweise Vervielf\u00e4ltigung der Website cultivetonenergie.com, Anzeige, \u00c4nderung, vollst\u00e4ndige oder teilweise Anpassung eines dieser Elemente, unabh\u00e4ngig von dem verwendeten Mittel oder Verfahren, ist ohne vorherige schriftliche Genehmigung von ALEX HOUTART, Direktor der Website, unter contact@cultivetonenergie.com verboten, andernfalls wird sie als F\u00e4lschung angesehen und gem\u00e4\u00df den Bestimmungen der Artikel L.335-2 ff. des Gesetzes \u00fcber geistiges Eigentum verfolgt.<\/p><p>5. Hyperlinks &amp; Cookies<br>Die Website cultivetonenergie.com enth\u00e4lt zahlreiche anklickbare Links zu Partnerseiten und Quellen, die mit Genehmigung von ALEX HOUTART zur Verf\u00fcgung gestellt wurden. Es ist jedoch wichtig zu beachten, dass ALEX HOUTART die Sicherheit und Integrit\u00e4t der Inhalte auf diesen externen Websites nicht garantieren kann und daher keine Verantwortung f\u00fcr die Risiken \u00fcbernimmt, die mit dem Vorhandensein von unangemessenen Inhalten verbunden sind. <\/p><p>Wenn Sie auf der Website cultivetonenergie.com surfen, m\u00f6chten wir Sie darauf hinweisen, dass in Ihrem Browser automatisch Cookies abgelegt werden k\u00f6nnen. Diese Dateien, die den Benutzer nicht pers\u00f6nlich identifizieren k\u00f6nnen, werden verwendet, um Informationen \u00fcber Ihre Navigation auf unserer Website zu speichern. Dies dient dazu, Ihre Benutzererfahrung zu verbessern und den Datenverkehr effektiv zu analysieren.  <\/p><p>Zus\u00e4tzlich integriert cultivetonenergie.com Dienste von Drittanbietern, einschlie\u00dflich Google Analytics und Plugins von sozialen Netzwerken wie Facebook. Diese Tools werden eingesetzt, um die Benutzererfahrung auf unserer Website zu verbessern und um uns detaillierte Analysen \u00fcber das Verhalten der Besucher zu liefern. <\/p><p>Die Konfiguration des Browsers erm\u00f6glicht es dem Nutzer, Benachrichtigungen \u00fcber Cookies zu erhalten und ggf. deren Installation abzulehnen, indem er den Anweisungen unter cultivetonenergie.com folgt. Dar\u00fcber hinaus kann der Nutzer die Einstellungen seines Browsers anpassen, um die Installation von Cookies abzulehnen. Es ist wichtig zu beachten, dass das Blockieren von Cookies den Zugang zu bestimmten Funktionen der Website einschr\u00e4nken kann.  <\/p><p>6. Schutz von Eigentum und Personen &#8211; Umgang mit pers\u00f6nlichen Daten<br>In Frankreich sind pers\u00f6nliche Daten insbesondere durch das Gesetz Nr. 78-87 vom 6. Januar 1978 oder das Gesetz Nr. 2004-801 vom 6. August 2004, Artikel L. 226-13 des Strafgesetzbuches und die Europ\u00e4ische Richtlinie vom 24. Oktober 1995 gesch\u00fctzt.<\/p><p>Gem\u00e4\u00df Artikel 4 des Gesetzes Nr. 78-17 vom 6. Januar 1978 (Loi Informatique et Libert\u00e9s&#8220;) in der ge\u00e4nderten Fassung verpflichtet sich die Website cultivetonenergie.com, die Grunds\u00e4tze des Schutzes der pers\u00f6nlichen Daten ihrer Nutzer zu beachten. Dieses Gesetz bildet den Rahmen f\u00fcr die Verarbeitung personenbezogener Daten und garantiert die Rechte der betroffenen Personen. <\/p><p>Auf cultivetonenergie.com k\u00f6nnen pers\u00f6nliche Daten des Nutzers insbesondere bei der Erstellung eines Benutzerkontos, der Anmeldung f\u00fcr den Newsletter oder bei der Verwendung von Kontaktformularen erfasst werden. Die gesammelten Daten umfassen, ohne sich darauf zu beschr\u00e4nken, den Namen, die E-Mail-Adresse und m\u00f6glicherweise zus\u00e4tzliche Informationen, die f\u00fcr die Bereitstellung spezifischer Dienstleistungen, die auf der Website angeboten werden, erforderlich sind. <\/p><p>Gem\u00e4\u00df den Bestimmungen von Artikel 38 und anderen des Gesetzes 78-17 vom 6. Januar 1978 \u00fcber Informatik, Dateien und verschiedene Freiheiten hat jeder Nutzer das Recht auf Zugang zu Informationen, Berichtigung, L\u00f6schung und Widerspruch zu den ihn betreffenden pers\u00f6nlichen Informationen. Um dieses Recht auszu\u00fcben, senden Sie eine Anfrage an cultivetonenergie.com per E-Mail: contact@cultivetonenergie.com oder schriftlich, ordnungsgem\u00e4\u00df unterzeichnet, mit einer Kopie des Personalausweises und einer Unterschrift des Eigent\u00fcmers des Dokuments, unter Angabe der Adresse, an die eine Antwort zur\u00fcckgeschickt werden soll. <\/p><p>Keine pers\u00f6nlichen Informationen des Nutzers der internen Website cultivetonenergie.com werden ohne Zustimmung des Nutzers ver\u00f6ffentlicht, ausgetauscht, \u00fcbertragen oder auf irgendeinem Datentr\u00e4ger an Dritte weitergegeben. Nur wenn die Website cultivetonenergie.com und ihre Rechte verkauft werden, ist ALEX HOUTART berechtigt, die Informationen an einen eventuellen Erwerber weiterzugeben, der seinerseits an die gleiche Verpflichtung zur Aufbewahrung und \u00c4nderung der Informationen \u00fcber den Benutzer der Website cultivetonenergie.com gebunden ist.<br>Die Website cultivetonenergie.com ist mit der DSGVO konform. <\/p><p>Datenbanken sind durch die Regeln des Gesetzes vom 1. Juli 1998 gesch\u00fctzt, mit dem die Richtlinie 96\/9 vom 11. M\u00e4rz 1996 \u00fcber den rechtlichen Schutz von Datenbanken umgesetzt wurde.<\/p>\t\t\t\t\t\t\t\t<\/div>\n\t\t\t\t<\/div>\n\t\t\t\t\t<\/div>\n\t\t\t\t<\/div>\n\t\t\t\t<\/div>\n\t\t","protected":false},"excerpt":{"rendered":"<p>Rechtliche Hinweise In \u00dcbereinstimmung mit den Verpflichtungen aus Artikel 6-III und 19 des Gesetzes Nr. 2004-575 vom 21. Juni 2004 \u00fcber das Vertrauen in die digitale Wirtschaft, auch bekannt als L.C.E.N., bringen wir den Nutzern der Website cultivetonenergie.com folgende Informationen zur Kenntnis:1. Rechtliche HinweiseDie Website cultivetonenergie.com ist ausschlie\u00dfliches Eigentum von ETHER ENERGY FRANCE, dem Herausgeber [&hellip;]<\/p>\n","protected":false},"author":1,"featured_media":0,"parent":0,"menu_order":0,"comment_status":"closed","ping_status":"closed","template":"","meta":{"footnotes":""},"class_list":["post-3069","page","type-page","status-publish","hentry"],"yoast_head":"<!-- This site is optimized with the Yoast SEO plugin v27.5 - https:\/\/yoast.com\/product\/yoast-seo-wordpress\/ -->\n<title>Rechtliche Hinweise - Cultive Ton Energie<\/title>\n<meta name=\"robots\" content=\"index, follow, max-snippet:-1, max-image-preview:large, max-video-preview:-1\" \/>\n<link rel=\"canonical\" href=\"https:\/\/cultivetonenergie.com\/de\/rechtliche-hinweise\/\" \/>\n<meta property=\"og:locale\" content=\"de_DE\" \/>\n<meta property=\"og:type\" content=\"article\" \/>\n<meta property=\"og:title\" content=\"Rechtliche Hinweise - Cultive Ton Energie\" \/>\n<meta property=\"og:description\" content=\"Rechtliche Hinweise In \u00dcbereinstimmung mit den Verpflichtungen aus Artikel 6-III und 19 des Gesetzes Nr. 2004-575 vom 21. Juni 2004 \u00fcber das Vertrauen in die digitale Wirtschaft, auch bekannt als L.C.E.N., bringen wir den Nutzern der Website cultivetonenergie.com folgende Informationen zur Kenntnis:1. Rechtliche HinweiseDie Website cultivetonenergie.com ist ausschlie\u00dfliches Eigentum von ETHER ENERGY FRANCE, dem Herausgeber [&hellip;]\" \/>\n<meta property=\"og:url\" content=\"https:\/\/cultivetonenergie.com\/de\/rechtliche-hinweise\/\" \/>\n<meta property=\"og:site_name\" content=\"Cultive Ton Energie\" \/>\n<meta property=\"article:modified_time\" content=\"2025-04-17T15:27:21+00:00\" \/>\n<meta name=\"twitter:card\" content=\"summary_large_image\" \/>\n<meta name=\"twitter:label1\" content=\"Gesch\u00e4tzte Lesezeit\" \/>\n\t<meta name=\"twitter:data1\" content=\"5\u00a0Minuten\" \/>\n<script type=\"application\/ld+json\" class=\"yoast-schema-graph\">{\"@context\":\"https:\\\/\\\/schema.org\",\"@graph\":[{\"@type\":\"WebPage\",\"@id\":\"https:\\\/\\\/cultivetonenergie.com\\\/de\\\/rechtliche-hinweise\\\/\",\"url\":\"https:\\\/\\\/cultivetonenergie.com\\\/de\\\/rechtliche-hinweise\\\/\",\"name\":\"Rechtliche Hinweise - Cultive Ton Energie\",\"isPartOf\":{\"@id\":\"https:\\\/\\\/cultivetonenergie.com\\\/de\\\/#website\"},\"datePublished\":\"2024-05-27T14:58:08+00:00\",\"dateModified\":\"2025-04-17T15:27:21+00:00\",\"breadcrumb\":{\"@id\":\"https:\\\/\\\/cultivetonenergie.com\\\/de\\\/rechtliche-hinweise\\\/#breadcrumb\"},\"inLanguage\":\"de\",\"potentialAction\":[{\"@type\":\"ReadAction\",\"target\":[\"https:\\\/\\\/cultivetonenergie.com\\\/de\\\/rechtliche-hinweise\\\/\"]}]},{\"@type\":\"BreadcrumbList\",\"@id\":\"https:\\\/\\\/cultivetonenergie.com\\\/de\\\/rechtliche-hinweise\\\/#breadcrumb\",\"itemListElement\":[{\"@type\":\"ListItem\",\"position\":1,\"name\":\"Accueil\",\"item\":\"https:\\\/\\\/cultivetonenergie.com\\\/de\\\/home\\\/\"},{\"@type\":\"ListItem\",\"position\":2,\"name\":\"Rechtliche Hinweise\"}]},{\"@type\":\"WebSite\",\"@id\":\"https:\\\/\\\/cultivetonenergie.com\\\/de\\\/#website\",\"url\":\"https:\\\/\\\/cultivetonenergie.com\\\/de\\\/\",\"name\":\"Cultive Ton Energie\",\"description\":\"Nos solutions d\u2019agrivolta\u00efsme sont cr\u00e9\u00e9es avec vous, pour vos besoins agricoles.\",\"publisher\":{\"@id\":\"https:\\\/\\\/cultivetonenergie.com\\\/de\\\/#organization\"},\"potentialAction\":[{\"@type\":\"SearchAction\",\"target\":{\"@type\":\"EntryPoint\",\"urlTemplate\":\"https:\\\/\\\/cultivetonenergie.com\\\/de\\\/?s={search_term_string}\"},\"query-input\":{\"@type\":\"PropertyValueSpecification\",\"valueRequired\":true,\"valueName\":\"search_term_string\"}}],\"inLanguage\":\"de\"},{\"@type\":\"Organization\",\"@id\":\"https:\\\/\\\/cultivetonenergie.com\\\/de\\\/#organization\",\"name\":\"Cultive Ton Energie\",\"url\":\"https:\\\/\\\/cultivetonenergie.com\\\/de\\\/\",\"logo\":{\"@type\":\"ImageObject\",\"inLanguage\":\"de\",\"@id\":\"https:\\\/\\\/cultivetonenergie.com\\\/de\\\/#\\\/schema\\\/logo\\\/image\\\/\",\"url\":\"https:\\\/\\\/cultivetonenergie.com\\\/wp-content\\\/uploads\\\/2024\\\/05\\\/logov2.webp\",\"contentUrl\":\"https:\\\/\\\/cultivetonenergie.com\\\/wp-content\\\/uploads\\\/2024\\\/05\\\/logov2.webp\",\"width\":373,\"height\":127,\"caption\":\"Cultive Ton Energie\"},\"image\":{\"@id\":\"https:\\\/\\\/cultivetonenergie.com\\\/de\\\/#\\\/schema\\\/logo\\\/image\\\/\"}}]}<\/script>\n<!-- \/ Yoast SEO plugin. -->","yoast_head_json":{"title":"Rechtliche Hinweise - Cultive Ton Energie","robots":{"index":"index","follow":"follow","max-snippet":"max-snippet:-1","max-image-preview":"max-image-preview:large","max-video-preview":"max-video-preview:-1"},"canonical":"https:\/\/cultivetonenergie.com\/de\/rechtliche-hinweise\/","og_locale":"de_DE","og_type":"article","og_title":"Rechtliche Hinweise - Cultive Ton Energie","og_description":"Rechtliche Hinweise In \u00dcbereinstimmung mit den Verpflichtungen aus Artikel 6-III und 19 des Gesetzes Nr. 2004-575 vom 21. Juni 2004 \u00fcber das Vertrauen in die digitale Wirtschaft, auch bekannt als L.C.E.N., bringen wir den Nutzern der Website cultivetonenergie.com folgende Informationen zur Kenntnis:1. Rechtliche HinweiseDie Website cultivetonenergie.com ist ausschlie\u00dfliches Eigentum von ETHER ENERGY FRANCE, dem Herausgeber [&hellip;]","og_url":"https:\/\/cultivetonenergie.com\/de\/rechtliche-hinweise\/","og_site_name":"Cultive Ton Energie","article_modified_time":"2025-04-17T15:27:21+00:00","twitter_card":"summary_large_image","twitter_misc":{"Gesch\u00e4tzte Lesezeit":"5\u00a0Minuten"},"schema":{"@context":"https:\/\/schema.org","@graph":[{"@type":"WebPage","@id":"https:\/\/cultivetonenergie.com\/de\/rechtliche-hinweise\/","url":"https:\/\/cultivetonenergie.com\/de\/rechtliche-hinweise\/","name":"Rechtliche Hinweise - Cultive Ton Energie","isPartOf":{"@id":"https:\/\/cultivetonenergie.com\/de\/#website"},"datePublished":"2024-05-27T14:58:08+00:00","dateModified":"2025-04-17T15:27:21+00:00","breadcrumb":{"@id":"https:\/\/cultivetonenergie.com\/de\/rechtliche-hinweise\/#breadcrumb"},"inLanguage":"de","potentialAction":[{"@type":"ReadAction","target":["https:\/\/cultivetonenergie.com\/de\/rechtliche-hinweise\/"]}]},{"@type":"BreadcrumbList","@id":"https:\/\/cultivetonenergie.com\/de\/rechtliche-hinweise\/#breadcrumb","itemListElement":[{"@type":"ListItem","position":1,"name":"Accueil","item":"https:\/\/cultivetonenergie.com\/de\/home\/"},{"@type":"ListItem","position":2,"name":"Rechtliche Hinweise"}]},{"@type":"WebSite","@id":"https:\/\/cultivetonenergie.com\/de\/#website","url":"https:\/\/cultivetonenergie.com\/de\/","name":"Cultive Ton Energie","description":"Nos solutions d\u2019agrivolta\u00efsme sont cr\u00e9\u00e9es avec vous, pour vos besoins agricoles.","publisher":{"@id":"https:\/\/cultivetonenergie.com\/de\/#organization"},"potentialAction":[{"@type":"SearchAction","target":{"@type":"EntryPoint","urlTemplate":"https:\/\/cultivetonenergie.com\/de\/?s={search_term_string}"},"query-input":{"@type":"PropertyValueSpecification","valueRequired":true,"valueName":"search_term_string"}}],"inLanguage":"de"},{"@type":"Organization","@id":"https:\/\/cultivetonenergie.com\/de\/#organization","name":"Cultive Ton Energie","url":"https:\/\/cultivetonenergie.com\/de\/","logo":{"@type":"ImageObject","inLanguage":"de","@id":"https:\/\/cultivetonenergie.com\/de\/#\/schema\/logo\/image\/","url":"https:\/\/cultivetonenergie.com\/wp-content\/uploads\/2024\/05\/logov2.webp","contentUrl":"https:\/\/cultivetonenergie.com\/wp-content\/uploads\/2024\/05\/logov2.webp","width":373,"height":127,"caption":"Cultive Ton Energie"},"image":{"@id":"https:\/\/cultivetonenergie.com\/de\/#\/schema\/logo\/image\/"}}]}},"_links":{"self":[{"href":"https:\/\/cultivetonenergie.com\/de\/wp-json\/wp\/v2\/pages\/3069","targetHints":{"allow":["GET"]}}],"collection":[{"href":"https:\/\/cultivetonenergie.com\/de\/wp-json\/wp\/v2\/pages"}],"about":[{"href":"https:\/\/cultivetonenergie.com\/de\/wp-json\/wp\/v2\/types\/page"}],"author":[{"embeddable":true,"href":"https:\/\/cultivetonenergie.com\/de\/wp-json\/wp\/v2\/users\/1"}],"replies":[{"embeddable":true,"href":"https:\/\/cultivetonenergie.com\/de\/wp-json\/wp\/v2\/comments?post=3069"}],"version-history":[{"count":1,"href":"https:\/\/cultivetonenergie.com\/de\/wp-json\/wp\/v2\/pages\/3069\/revisions"}],"predecessor-version":[{"id":3071,"href":"https:\/\/cultivetonenergie.com\/de\/wp-json\/wp\/v2\/pages\/3069\/revisions\/3071"}],"wp:attachment":[{"href":"https:\/\/cultivetonenergie.com\/de\/wp-json\/wp\/v2\/media?parent=3069"}],"curies":[{"name":"wp","href":"https:\/\/api.w.org\/{rel}","templated":true}]}}